{"id":175,"date":"2022-10-17T17:43:30","date_gmt":"2022-10-17T20:43:30","guid":{"rendered":"https:\/\/www.justclean.com.br\/site\/?page_id=175"},"modified":"2022-10-19T10:10:36","modified_gmt":"2022-10-19T13:10:36","slug":"empresa","status":"publish","type":"page","link":"https:\/\/www.justclean.com.br\/site\/empresa\/","title":{"rendered":"Empresa"},"content":{"rendered":"<p>[et_pb_section fb_built=&#8221;1&#8243; custom_padding_last_edited=&#8221;on|tablet&#8221; admin_label=&#8221;Mission&#8221; _builder_version=&#8221;4.18.0&#8243; _module_preset=&#8221;default&#8221; overflow-x=&#8221;hidden&#8221; overflow-y=&#8221;hidden&#8221; custom_padding=&#8221;||21px|||&#8221; custom_padding_tablet=&#8221;5px||21px||false|false&#8221; custom_padding_phone=&#8221;5px||21px||false|false&#8221; global_colors_info=&#8221;{}&#8221;][et_pb_row custom_padding_last_edited=&#8221;on|tablet&#8221; _builder_version=&#8221;4.18.0&#8243; _module_preset=&#8221;default&#8221; custom_margin_tablet=&#8221;&#8221; custom_margin_phone=&#8221;&#8221; custom_margin_last_edited=&#8221;on|tablet&#8221; custom_padding_tablet=&#8221;5px||||false|false&#8221; custom_padding_phone=&#8221;5px||||false|false&#8221; global_colors_info=&#8221;{}&#8221;][et_pb_column type=&#8221;4_4&#8243; _builder_version=&#8221;4.16&#8243; _module_preset=&#8221;default&#8221; custom_padding=&#8221;30px||||false|false&#8221; global_colors_info=&#8221;{}&#8221;][et_pb_text module_class=&#8221;box_pg_titulo&#8221; _builder_version=&#8221;4.18.0&#8243; _module_preset=&#8221;90865f4d-2cce-42a7-b40e-d3fbad25605a&#8221; header_2_font=&#8221;Teko|700|||||||&#8221; header_2_text_color=&#8221;#b5cc01&#8243; header_2_font_size=&#8221;70px&#8221; custom_margin=&#8221;-21px||10px||false|false&#8221; header_2_font_size_tablet=&#8221;30px&#8221; header_2_font_size_phone=&#8221;24px&#8221; header_2_font_size_last_edited=&#8221;on|phone&#8221; header_2_line_height_tablet=&#8221;55px&#8221; header_2_line_height_phone=&#8221;55px&#8221; header_2_line_height_last_edited=&#8221;on|tablet&#8221; border_color_all=&#8221;#b5cc01&#8243; global_colors_info=&#8221;{}&#8221;]<\/p>\n<h2>Hist\u00f3ria<\/h2>\n<p>[\/et_pb_text][et_pb_divider divider_weight=&#8221;3px&#8221; _builder_version=&#8221;4.18.0&#8243; _module_preset=&#8221;default&#8221; max_width=&#8221;50px&#8221; locked=&#8221;off&#8221; global_colors_info=&#8221;{}&#8221;][\/et_pb_divider][et_pb_text _builder_version=&#8221;4.18.0&#8243; _module_preset=&#8221;da86b6f0-f83c-4c7c-bdd8-3019777ddffe&#8221; text_font=&#8221;Work Sans||||||||&#8221; text_line_height=&#8221;1.8em&#8221; custom_margin=&#8221;-24px|||||&#8221; custom_padding=&#8221;||25px|||&#8221; text_font_size_tablet=&#8221;15px&#8221; text_font_size_phone=&#8221;14px&#8221; text_font_size_last_edited=&#8221;on|desktop&#8221; locked=&#8221;off&#8221; global_colors_info=&#8221;{}&#8221;]<\/p>\n<p>Desde 2007 n\u00f3s da JC Tapetes buscamos atender nossos clientes e parceiros com clareza e responsabilidade. Com ampla vis\u00e3o no mercado e flexibilidade, atendemos nos mais diversos setores como: hot\u00e9is, hospitais, ind\u00fastrias, restaurantes, condom\u00ednios, shoppings, supermercados, com\u00e9rcio em geral.<\/p>\n<p>Sempre buscamos os melhores produtos e pr\u00e1ticas do mercado. Nossos principais fornecedores s\u00e3o: Kapazi, JSN, Renko e Bralimpia.<\/p>\n<p>A JC Tapetes diferencia-se por sua capacidade de inova\u00e7\u00e3o e criatividade, sempre com a agilidade e garantia dos produtos e servi\u00e7os, investindo constantemente em tecnologia e desenvolvimento de novos conhecimentos.<\/p>\n<p>[\/et_pb_text][et_pb_text module_class=&#8221;box_pg_titulo&#8221; _builder_version=&#8221;4.18.0&#8243; _module_preset=&#8221;90865f4d-2cce-42a7-b40e-d3fbad25605a&#8221; header_2_font=&#8221;Teko|700|||||||&#8221; header_2_text_color=&#8221;#b5cc01&#8243; header_2_font_size=&#8221;70px&#8221; custom_margin=&#8221;-21px||10px||false|false&#8221; header_2_font_size_tablet=&#8221;30px&#8221; header_2_font_size_phone=&#8221;24px&#8221; header_2_font_size_last_edited=&#8221;on|phone&#8221; header_2_line_height_tablet=&#8221;55px&#8221; header_2_line_height_phone=&#8221;55px&#8221; header_2_line_height_last_edited=&#8221;on|tablet&#8221; border_color_all=&#8221;#b5cc01&#8243; global_colors_info=&#8221;{}&#8221;]<\/p>\n<h2>Objetivo<\/h2>\n<p>[\/et_pb_text][et_pb_divider divider_weight=&#8221;3px&#8221; _builder_version=&#8221;4.18.0&#8243; _module_preset=&#8221;default&#8221; max_width=&#8221;50px&#8221; locked=&#8221;off&#8221; global_colors_info=&#8221;{}&#8221;][\/et_pb_divider][et_pb_text _builder_version=&#8221;4.18.0&#8243; _module_preset=&#8221;da86b6f0-f83c-4c7c-bdd8-3019777ddffe&#8221; text_font=&#8221;Work Sans||||||||&#8221; text_line_height=&#8221;1.8em&#8221; custom_margin=&#8221;-24px||-10px|||&#8221; text_font_size_tablet=&#8221;15px&#8221; text_font_size_phone=&#8221;14px&#8221; text_font_size_last_edited=&#8221;on|desktop&#8221; locked=&#8221;off&#8221; global_colors_info=&#8221;{}&#8221;]<\/p>\n<p>Assim como aplica\u00e7\u00f5es de fitas antiderrapante, temos como especialidade a produ\u00e7\u00e3o de tapetes personalizados para entrada.<\/p>\n<p>Fornecemos tamb\u00e9m tapetes industriais e ergon\u00f4micos, materiais e equipamentos para limpeza como suportes de pap\u00e9is, saboneteiras, lixeiras, cont\u00eaineres, carros funcionais etc. Temos como objetivo e meta solucionar suas necessidades eliminando inc\u00f4modos e problemas que possam atrapalhar seu dia-a-dia em seu local de trabalho.<\/p>\n<p>[\/et_pb_text][\/et_pb_column][\/et_pb_row][et_pb_row custom_padding_last_edited=&#8221;on|tablet&#8221; _builder_version=&#8221;4.18.0&#8243; _module_preset=&#8221;default&#8221; custom_margin_tablet=&#8221;&#8221; custom_margin_phone=&#8221;&#8221; custom_margin_last_edited=&#8221;on|tablet&#8221; custom_padding_tablet=&#8221;5px||||false|false&#8221; custom_padding_phone=&#8221;5px||||false|false&#8221; global_colors_info=&#8221;{}&#8221; column_structure=&#8221;2_5,3_5&#8243; custom_padding=&#8221;11px|||||&#8221;][et_pb_column type=&#8221;2_5&#8243; _builder_version=&#8221;4.16&#8243; _module_preset=&#8221;default&#8221; custom_padding=&#8221;30px||||false|false&#8221; global_colors_info=&#8221;{}&#8221;][et_pb_image src=&#8221;https:\/\/www.justclean.com.br\/site\/wp-content\/uploads\/2022\/10\/capa_premio_empresarial_2021.png&#8221; _builder_version=&#8221;4.18.0&#8243; _module_preset=&#8221;default&#8221; alt=&#8221;Pr\u00eamio L\u00edder Empresarial 2021&#8243; title_text=&#8221;Pr\u00eamio L\u00edder Empresarial 2021&#8243; hover_enabled=&#8221;0&#8243; sticky_enabled=&#8221;0&#8243;][\/et_pb_image][\/et_pb_column][et_pb_column type=&#8221;3_5&#8243; _builder_version=&#8221;4.16&#8243; _module_preset=&#8221;default&#8221; custom_padding=&#8221;30px||||false|false&#8221; global_colors_info=&#8221;{}&#8221;][et_pb_text module_class=&#8221;box_pg_titulo&#8221; _builder_version=&#8221;4.18.0&#8243; _module_preset=&#8221;90865f4d-2cce-42a7-b40e-d3fbad25605a&#8221; header_2_font=&#8221;Teko|700|||||||&#8221; header_2_text_color=&#8221;#b5cc01&#8243; header_2_font_size=&#8221;70px&#8221; custom_margin=&#8221;-21px||10px||false|false&#8221; hover_enabled=&#8221;0&#8243; header_2_font_size_tablet=&#8221;30px&#8221; header_2_font_size_phone=&#8221;24px&#8221; header_2_font_size_last_edited=&#8221;on|phone&#8221; header_2_line_height_tablet=&#8221;55px&#8221; header_2_line_height_phone=&#8221;55px&#8221; header_2_line_height_last_edited=&#8221;on|tablet&#8221; border_color_all=&#8221;#b5cc01&#8243; global_colors_info=&#8221;{}&#8221; sticky_enabled=&#8221;0&#8243; custom_padding=&#8221;46px|||||&#8221;]<\/p>\n<h2>Pr\u00eamio L\u00edder Empresarial 2021<\/h2>\n<p>[\/et_pb_text][et_pb_divider divider_weight=&#8221;3px&#8221; _builder_version=&#8221;4.18.0&#8243; _module_preset=&#8221;default&#8221; max_width=&#8221;50px&#8221; locked=&#8221;off&#8221; global_colors_info=&#8221;{}&#8221;][\/et_pb_divider][et_pb_text _builder_version=&#8221;4.18.0&#8243; _module_preset=&#8221;da86b6f0-f83c-4c7c-bdd8-3019777ddffe&#8221; text_font=&#8221;Work Sans||||||||&#8221; text_line_height=&#8221;1.8em&#8221; custom_margin=&#8221;-24px|||||&#8221; custom_padding=&#8221;||39px|||&#8221; hover_enabled=&#8221;0&#8243; text_font_size_tablet=&#8221;15px&#8221; text_font_size_phone=&#8221;14px&#8221; text_font_size_last_edited=&#8221;on|desktop&#8221; locked=&#8221;off&#8221; global_colors_info=&#8221;{}&#8221; sticky_enabled=&#8221;0&#8243;]<\/p>\n<p>Recebemos o Pr\u00eamio L\u00edder Empresarial 2021 &#8211; Edi\u00e7\u00e3o Supera\u00e7\u00e3o<\/p>\n<p>[\/et_pb_text][\/et_pb_column][\/et_pb_row][\/et_pb_section]<\/p>\n","protected":false},"excerpt":{"rendered":"<p>Hist\u00f3riaDesde 2007 n\u00f3s da JC Tapetes buscamos atender nossos clientes e parceiros com clareza e responsabilidade. Com ampla vis\u00e3o no mercado e flexibilidade, atendemos nos mais diversos setores como: hot\u00e9is, hospitais, ind\u00fastrias, restaurantes, condom\u00ednios, shoppings, supermercados, com\u00e9rcio em geral. Sempre buscamos os melhores produtos e pr\u00e1ticas do mercado. Nossos principais fornecedores s\u00e3o: Kapazi, JSN, Renko [&hellip;]<\/p>\n","protected":false},"author":1,"featured_media":0,"parent":0,"menu_order":0,"comment_status":"closed","ping_status":"closed","template":"","meta":{"_et_pb_use_builder":"on","_et_pb_old_content":"","_et_gb_content_width":"","footnotes":""},"class_list":["post-175","page","type-page","status-publish","hentry"],"yoast_head":"<!-- This site is optimized with the Yoast SEO plugin v24.9 - https:\/\/yoast.com\/wordpress\/plugins\/seo\/ -->\n<title>Empresa - JC Tapetes<\/title>\n<meta name=\"description\" content=\"JC Tapetes - Tapetes Personalizados de Vinil, Capacho Sanitizante, Tapetes de Entrada, Tapetes Clean Kap, Tapetes Industriais\" \/>\n<meta name=\"robots\" content=\"index, follow, max-snippet:-1, max-image-preview:large, max-video-preview:-1\" \/>\n<link rel=\"canonical\" href=\"https:\/\/www.justclean.com.br\/site\/empresa\/\" \/>\n<meta property=\"og:locale\" content=\"pt_BR\" \/>\n<meta property=\"og:type\" content=\"article\" \/>\n<meta property=\"og:title\" content=\"Empresa - JC Tapetes\" \/>\n<meta property=\"og:description\" content=\"JC Tapetes - Tapetes Personalizados de Vinil, Capacho Sanitizante, Tapetes de Entrada, Tapetes Clean Kap, Tapetes Industriais\" \/>\n<meta property=\"og:url\" content=\"https:\/\/www.justclean.com.br\/site\/empresa\/\" \/>\n<meta property=\"og:site_name\" content=\"JC Tapetes\" \/>\n<meta property=\"article:modified_time\" content=\"2022-10-19T13:10:36+00:00\" \/>\n<meta name=\"twitter:card\" content=\"summary_large_image\" \/>\n<meta name=\"twitter:label1\" content=\"Est. tempo de leitura\" \/>\n\t<meta name=\"twitter:data1\" content=\"2 minutos\" \/>\n<script type=\"application\/ld+json\" class=\"yoast-schema-graph\">{\"@context\":\"https:\/\/schema.org\",\"@graph\":[{\"@type\":\"WebPage\",\"@id\":\"https:\/\/www.justclean.com.br\/site\/empresa\/\",\"url\":\"https:\/\/www.justclean.com.br\/site\/empresa\/\",\"name\":\"Empresa - JC Tapetes\",\"isPartOf\":{\"@id\":\"https:\/\/www.justclean.com.br\/site\/#website\"},\"datePublished\":\"2022-10-17T20:43:30+00:00\",\"dateModified\":\"2022-10-19T13:10:36+00:00\",\"description\":\"JC Tapetes - Tapetes Personalizados de Vinil, Capacho Sanitizante, Tapetes de Entrada, Tapetes Clean Kap, Tapetes Industriais\",\"breadcrumb\":{\"@id\":\"https:\/\/www.justclean.com.br\/site\/empresa\/#breadcrumb\"},\"inLanguage\":\"pt-BR\",\"potentialAction\":[{\"@type\":\"ReadAction\",\"target\":[\"https:\/\/www.justclean.com.br\/site\/empresa\/\"]}]},{\"@type\":\"BreadcrumbList\",\"@id\":\"https:\/\/www.justclean.com.br\/site\/empresa\/#breadcrumb\",\"itemListElement\":[{\"@type\":\"ListItem\",\"position\":1,\"name\":\"In\u00edcio\",\"item\":\"https:\/\/www.justclean.com.br\/site\/\"},{\"@type\":\"ListItem\",\"position\":2,\"name\":\"Empresa\"}]},{\"@type\":\"WebSite\",\"@id\":\"https:\/\/www.justclean.com.br\/site\/#website\",\"url\":\"https:\/\/www.justclean.com.br\/site\/\",\"name\":\"JC Tapetes\",\"description\":\"Tapetes Personalizados\",\"potentialAction\":[{\"@type\":\"SearchAction\",\"target\":{\"@type\":\"EntryPoint\",\"urlTemplate\":\"https:\/\/www.justclean.com.br\/site\/?s={search_term_string}\"},\"query-input\":{\"@type\":\"PropertyValueSpecification\",\"valueRequired\":true,\"valueName\":\"search_term_string\"}}],\"inLanguage\":\"pt-BR\"}]}<\/script>\n<!-- \/ Yoast SEO plugin. -->","yoast_head_json":{"title":"Empresa - JC Tapetes","description":"JC Tapetes - Tapetes Personalizados de Vinil, Capacho Sanitizante, Tapetes de Entrada, Tapetes Clean Kap, Tapetes Industriais","robots":{"index":"index","follow":"follow","max-snippet":"max-snippet:-1","max-image-preview":"max-image-preview:large","max-video-preview":"max-video-preview:-1"},"canonical":"https:\/\/www.justclean.com.br\/site\/empresa\/","og_locale":"pt_BR","og_type":"article","og_title":"Empresa - JC Tapetes","og_description":"JC Tapetes - Tapetes Personalizados de Vinil, Capacho Sanitizante, Tapetes de Entrada, Tapetes Clean Kap, Tapetes Industriais","og_url":"https:\/\/www.justclean.com.br\/site\/empresa\/","og_site_name":"JC Tapetes","article_modified_time":"2022-10-19T13:10:36+00:00","twitter_card":"summary_large_image","twitter_misc":{"Est. tempo de leitura":"2 minutos"},"schema":{"@context":"https:\/\/schema.org","@graph":[{"@type":"WebPage","@id":"https:\/\/www.justclean.com.br\/site\/empresa\/","url":"https:\/\/www.justclean.com.br\/site\/empresa\/","name":"Empresa - JC Tapetes","isPartOf":{"@id":"https:\/\/www.justclean.com.br\/site\/#website"},"datePublished":"2022-10-17T20:43:30+00:00","dateModified":"2022-10-19T13:10:36+00:00","description":"JC Tapetes - Tapetes Personalizados de Vinil, Capacho Sanitizante, Tapetes de Entrada, Tapetes Clean Kap, Tapetes Industriais","breadcrumb":{"@id":"https:\/\/www.justclean.com.br\/site\/empresa\/#breadcrumb"},"inLanguage":"pt-BR","potentialAction":[{"@type":"ReadAction","target":["https:\/\/www.justclean.com.br\/site\/empresa\/"]}]},{"@type":"BreadcrumbList","@id":"https:\/\/www.justclean.com.br\/site\/empresa\/#breadcrumb","itemListElement":[{"@type":"ListItem","position":1,"name":"In\u00edcio","item":"https:\/\/www.justclean.com.br\/site\/"},{"@type":"ListItem","position":2,"name":"Empresa"}]},{"@type":"WebSite","@id":"https:\/\/www.justclean.com.br\/site\/#website","url":"https:\/\/www.justclean.com.br\/site\/","name":"JC Tapetes","description":"Tapetes Personalizados","potentialAction":[{"@type":"SearchAction","target":{"@type":"EntryPoint","urlTemplate":"https:\/\/www.justclean.com.br\/site\/?s={search_term_string}"},"query-input":{"@type":"PropertyValueSpecification","valueRequired":true,"valueName":"search_term_string"}}],"inLanguage":"pt-BR"}]}},"_links":{"self":[{"href":"https:\/\/www.justclean.com.br\/site\/wp-json\/wp\/v2\/pages\/175","targetHints":{"allow":["GET"]}}],"collection":[{"href":"https:\/\/www.justclean.com.br\/site\/wp-json\/wp\/v2\/pages"}],"about":[{"href":"https:\/\/www.justclean.com.br\/site\/wp-json\/wp\/v2\/types\/page"}],"author":[{"embeddable":true,"href":"https:\/\/www.justclean.com.br\/site\/wp-json\/wp\/v2\/users\/1"}],"replies":[{"embeddable":true,"href":"https:\/\/www.justclean.com.br\/site\/wp-json\/wp\/v2\/comments?post=175"}],"version-history":[{"count":5,"href":"https:\/\/www.justclean.com.br\/site\/wp-json\/wp\/v2\/pages\/175\/revisions"}],"predecessor-version":[{"id":391,"href":"https:\/\/www.justclean.com.br\/site\/wp-json\/wp\/v2\/pages\/175\/revisions\/391"}],"wp:attachment":[{"href":"https:\/\/www.justclean.com.br\/site\/wp-json\/wp\/v2\/media?parent=175"}],"curies":[{"name":"wp","href":"https:\/\/api.w.org\/{rel}","templated":true}]}}